{"id":11,"date":"2026-03-05T13:28:50","date_gmt":"2026-03-05T13:28:50","guid":{"rendered":"https:\/\/edqpm.beeweb-lime.io\/?page_id=11"},"modified":"2026-04-15T15:46:32","modified_gmt":"2026-04-15T15:46:32","slug":"start-page","status":"publish","type":"page","link":"https:\/\/hstdskate.se\/","title":{"rendered":"Start page"},"content":{"rendered":"\t\t<div data-elementor-type=\"wp-page\" data-elementor-id=\"11\" class=\"elementor elementor-11\">\n\t\t\t\t<div class=\"elementor-element elementor-element-346297e e-con-full e-flex e-con e-parent\" data-id=\"346297e\" data-element_type=\"container\" data-e-type=\"container\" data-settings=\"{&quot;background_background&quot;:&quot;classic&quot;}\">\n\t\t\t\t<div class=\"elementor-element elementor-element-fca10f8 elementor-widget elementor-widget-image\" data-id=\"fca10f8\" data-element_type=\"widget\" data-e-type=\"widget\" data-widget_type=\"image.default\">\n\t\t\t\t\t\t\t\t\t\t\t\t\t\t\t<img fetchpriority=\"high\" decoding=\"async\" width=\"1920\" height=\"549\" src=\"https:\/\/hstdskate.se\/wp-content\/uploads\/2026\/03\/alien-svart-och-genomskinlig-NY.png\" class=\"attachment-full size-full wp-image-15\" alt=\"\" srcset=\"https:\/\/hstdskate.se\/wp-content\/uploads\/2026\/03\/alien-svart-och-genomskinlig-NY.png 1920w, https:\/\/hstdskate.se\/wp-content\/uploads\/2026\/03\/alien-svart-och-genomskinlig-NY-300x86.png 300w, https:\/\/hstdskate.se\/wp-content\/uploads\/2026\/03\/alien-svart-och-genomskinlig-NY-1024x293.png 1024w, https:\/\/hstdskate.se\/wp-content\/uploads\/2026\/03\/alien-svart-och-genomskinlig-NY-768x220.png 768w, https:\/\/hstdskate.se\/wp-content\/uploads\/2026\/03\/alien-svart-och-genomskinlig-NY-1536x439.png 1536w\" sizes=\"(max-width: 1920px) 100vw, 1920px\" \/>\t\t\t\t\t\t\t\t\t\t\t\t\t\t\t<\/div>\n\t\t\t\t<\/div>\n\t\t<div class=\"elementor-element elementor-element-2e05cab e-flex e-con-boxed e-con e-parent\" data-id=\"2e05cab\" data-element_type=\"container\" data-e-type=\"container\" data-settings=\"{&quot;background_background&quot;:&quot;classic&quot;}\">\n\t\t\t\t\t<div class=\"e-con-inner\">\n\t\t\t\t<div class=\"elementor-element elementor-element-aefb91f elementor-widget elementor-widget-text-editor\" data-id=\"aefb91f\" data-element_type=\"widget\" data-e-type=\"widget\" data-widget_type=\"text-editor.default\">\n\t\t\t\t\t\t\t\t\t<h1 class=\"p1\"><span style=\"color: #333333;\"><i>V\u00e4lkommen!<\/i><\/span><\/h1><p class=\"p2\">F\u00f6reningen finns p\u00e5 Slottsm\u00f6llan i Halmstad och driver en stor inomhushall f\u00f6r skateboard. <br \/>M\u00e5let \u00e4r att skapa en trygg plats d\u00e4r alla kan \u00e5ka skateboard och delta i verksamheten<\/p>\t\t\t\t\t\t\t\t<\/div>\n\t\t\t\t\t<\/div>\n\t\t\t\t<\/div>\n\t\t<div class=\"elementor-element elementor-element-a7d7561 e-flex e-con-boxed e-con e-parent\" data-id=\"a7d7561\" data-element_type=\"container\" data-e-type=\"container\" data-settings=\"{&quot;background_background&quot;:&quot;classic&quot;}\">\n\t\t\t\t\t<div class=\"e-con-inner\">\n\t\t<div class=\"elementor-element elementor-element-e97bc1b e-con-full e-flex e-con e-child\" data-id=\"e97bc1b\" data-element_type=\"container\" data-e-type=\"container\">\n\t\t\t\t<div class=\"elementor-element elementor-element-a056633 elementor-widget elementor-widget-heading\" data-id=\"a056633\" data-element_type=\"widget\" data-e-type=\"widget\" data-widget_type=\"heading.default\">\n\t\t\t\t\t<h2 class=\"elementor-heading-title elementor-size-default\">Ordinarie \u00f6ppettider<\/h2>\t\t\t\t<\/div>\n\t\t\t\t<div class=\"elementor-element elementor-element-14e2831 elementor-widget elementor-widget-heading\" data-id=\"14e2831\" data-element_type=\"widget\" data-e-type=\"widget\" data-widget_type=\"heading.default\">\n\t\t\t\t\t<h4 class=\"elementor-heading-title elementor-size-default\">SLOTTSM\u00d6LLAN \u00c4R ST\u00c4NGD F\u00d6R S\u00c4SONGEN<\/h4>\t\t\t\t<\/div>\n\t\t\t\t<div class=\"elementor-element elementor-element-b57fe1a elementor-widget elementor-widget-text-editor\" data-id=\"b57fe1a\" data-element_type=\"widget\" data-e-type=\"widget\" data-widget_type=\"text-editor.default\">\n\t\t\t\t\t\t\t\t\t<p><em>Om Slottsm\u00f6llan \u00e4r \u00e4r spontan\u00f6ppet (vid d\u00e5ligt v\u00e4der) ligger det en post i Stories p\u00e5 instagram Det \u00e4r inte l\u00f6nt att DM:a och fr\u00e5ga.\u00a0<\/em><\/p>\t\t\t\t\t\t\t\t<\/div>\n\t\t\t\t<div class=\"elementor-element elementor-element-18d0e2a elementor-icon-list--layout-traditional elementor-list-item-link-full_width elementor-widget elementor-widget-icon-list\" data-id=\"18d0e2a\" data-element_type=\"widget\" data-e-type=\"widget\" data-widget_type=\"icon-list.default\">\n\t\t\t\t\t\t\t<ul class=\"elementor-icon-list-items\">\n\t\t\t\t\t\t\t<li class=\"elementor-icon-list-item\">\n\t\t\t\t\t\t\t\t\t\t\t<a href=\"https:\/\/www.instagram.com\/halmstadskateboardklubb\/\">\n\n\t\t\t\t\t\t\t\t\t\t\t\t<span class=\"elementor-icon-list-icon\">\n\t\t\t\t\t\t\t<svg aria-hidden=\"true\" class=\"e-font-icon-svg e-fab-instagram\" viewBox=\"0 0 448 512\" xmlns=\"http:\/\/www.w3.org\/2000\/svg\"><path d=\"M224.1 141c-63.6 0-114.9 51.3-114.9 114.9s51.3 114.9 114.9 114.9S339 319.5 339 255.9 287.7 141 224.1 141zm0 189.6c-41.1 0-74.7-33.5-74.7-74.7s33.5-74.7 74.7-74.7 74.7 33.5 74.7 74.7-33.6 74.7-74.7 74.7zm146.4-194.3c0 14.9-12 26.8-26.8 26.8-14.9 0-26.8-12-26.8-26.8s12-26.8 26.8-26.8 26.8 12 26.8 26.8zm76.1 27.2c-1.7-35.9-9.9-67.7-36.2-93.9-26.2-26.2-58-34.4-93.9-36.2-37-2.1-147.9-2.1-184.9 0-35.8 1.7-67.6 9.9-93.9 36.1s-34.4 58-36.2 93.9c-2.1 37-2.1 147.9 0 184.9 1.7 35.9 9.9 67.7 36.2 93.9s58 34.4 93.9 36.2c37 2.1 147.9 2.1 184.9 0 35.9-1.7 67.7-9.9 93.9-36.2 26.2-26.2 34.4-58 36.2-93.9 2.1-37 2.1-147.8 0-184.8zM398.8 388c-7.8 19.6-22.9 34.7-42.6 42.6-29.5 11.7-99.5 9-132.1 9s-102.7 2.6-132.1-9c-19.6-7.8-34.7-22.9-42.6-42.6-11.7-29.5-9-99.5-9-132.1s-2.6-102.7 9-132.1c7.8-19.6 22.9-34.7 42.6-42.6 29.5-11.7 99.5-9 132.1-9s102.7-2.6 132.1 9c19.6 7.8 34.7 22.9 42.6 42.6 11.7 29.5 9 99.5 9 132.1s2.7 102.7-9 132.1z\"><\/path><\/svg>\t\t\t\t\t\t<\/span>\n\t\t\t\t\t\t\t\t\t\t<span class=\"elementor-icon-list-text\">@halmstadskateboardklubb<\/span>\n\t\t\t\t\t\t\t\t\t\t\t<\/a>\n\t\t\t\t\t\t\t\t\t<\/li>\n\t\t\t\t\t\t<\/ul>\n\t\t\t\t\t\t<\/div>\n\t\t\t\t<div class=\"elementor-element elementor-element-e0ea8d2 elementor-hidden-desktop elementor-hidden-tablet elementor-hidden-mobile elementor-widget elementor-widget-text-editor\" data-id=\"e0ea8d2\" data-element_type=\"widget\" data-e-type=\"widget\" data-widget_type=\"text-editor.default\">\n\t\t\t\t\t\t\t\t\t<p class=\"p1\"><i>M\u00e5ndag 17\u201321 Allm\u00e4n skate<\/i><\/p><p class=\"p1\"><i>Tisdag 14:30\u201321 Allm\u00e4n skate<\/i><\/p><p class=\"p1\"><i>Onsdag 17:30\u201319 Attending \/ Nyb\u00f6rjarskate<\/i><\/p><p class=\"p1\"><i>Onsdag 19\u201321 Tjejskate \/ Icke-bin\u00e4r<\/i><\/p><p class=\"p1\"><i>Torsdag 16\u201320 Allm\u00e4n skate<\/i><\/p><p class=\"p1\"><i>Fredag 18\u201321 Allm\u00e4n skate<\/i><\/p><p class=\"p1\"><i>L\u00f6rdag 12\u201316 Allm\u00e4n skate<\/i><\/p><p class=\"p1\"><i>S\u00f6ndag 14\u201318 Allm\u00e4n skate<\/i><\/p>\t\t\t\t\t\t\t\t<\/div>\n\t\t\t\t<\/div>\n\t\t<div class=\"elementor-element elementor-element-225df64 e-con-full e-flex e-con e-child\" data-id=\"225df64\" data-element_type=\"container\" data-e-type=\"container\">\n\t\t\t\t<div class=\"elementor-element elementor-element-0607e84 elementor-widget elementor-widget-heading\" data-id=\"0607e84\" data-element_type=\"widget\" data-e-type=\"widget\" data-widget_type=\"heading.default\">\n\t\t\t\t\t<h2 class=\"elementor-heading-title elementor-size-default\">Om skatehallen\n<\/h2>\t\t\t\t<\/div>\n\t\t\t\t<div class=\"elementor-element elementor-element-75316e4 elementor-widget elementor-widget-text-editor\" data-id=\"75316e4\" data-element_type=\"widget\" data-e-type=\"widget\" data-widget_type=\"text-editor.default\">\n\t\t\t\t\t\t\t\t\t<p>Inomhushallen inneh\u00e5ller streetyta, vertramp, miniramp, microramp och bowl. \u00d6ppettider kan ibland \u00e4ndras eftersom verksamheten drivs ideellt.<\/p><p>Rullskridskor \u00e4r till\u00e5tna utom under skateskola och nyb\u00f6rjarskate. Scooter och cyklar \u00e4r inte till\u00e5tna.<\/p><p><em><strong>Hj\u00e4lmtv\u00e5ng g\u00e4ller f\u00f6r alla upp till 15 \u00e5r.<\/strong><\/em><\/p>\t\t\t\t\t\t\t\t<\/div>\n\t\t\t\t<div class=\"elementor-element elementor-element-4a437eb elementor-widget elementor-widget-heading\" data-id=\"4a437eb\" data-element_type=\"widget\" data-e-type=\"widget\" data-widget_type=\"heading.default\">\n\t\t\t\t\t<h2 class=\"elementor-heading-title elementor-size-default\">Kontakt<\/h2>\t\t\t\t<\/div>\n\t\t\t\t<div class=\"elementor-element elementor-element-678d48c elementor-widget elementor-widget-text-editor\" data-id=\"678d48c\" data-element_type=\"widget\" data-e-type=\"widget\" data-widget_type=\"text-editor.default\">\n\t\t\t\t\t\t\t\t\t<p class=\"p1\"><i>Epost: <span style=\"text-decoration: underline;\"><span style=\"color: #333333;\"><a style=\"color: #333333; text-decoration: underline;\" href=\"mailto:info@hstdskate.se\">info@hstdskate.se<\/a><\/span><\/span><\/i><\/p><p class=\"p1\"><i>Instagram: <a href=\"https:\/\/www.instagram.com\/halmstadskateboardklubb\/\" target=\"_blank\" rel=\"noopener\"><span style=\"text-decoration: underline;\"><span style=\"color: #333333; text-decoration: underline;\">@halmstadskateboardklubb<\/span><\/span><\/a><\/i><\/p>\t\t\t\t\t\t\t\t<\/div>\n\t\t\t\t<\/div>\n\t\t\t\t\t<\/div>\n\t\t\t\t<\/div>\n\t\t<div class=\"elementor-element elementor-element-2d5aa74 e-flex e-con-boxed e-con e-parent\" data-id=\"2d5aa74\" data-element_type=\"container\" data-e-type=\"container\">\n\t\t\t\t\t<div class=\"e-con-inner\">\n\t\t<div class=\"elementor-element elementor-element-e30d1c8 e-con-full e-flex e-con e-child\" data-id=\"e30d1c8\" data-element_type=\"container\" data-e-type=\"container\">\n\t\t\t\t<div class=\"elementor-element elementor-element-9db5b9b elementor-widget elementor-widget-heading\" data-id=\"9db5b9b\" data-element_type=\"widget\" data-e-type=\"widget\" data-widget_type=\"heading.default\">\n\t\t\t\t\t<h2 class=\"elementor-heading-title elementor-size-default\">Medlemskap och priser<\/h2>\t\t\t\t<\/div>\n\t\t\t\t<div class=\"elementor-element elementor-element-7151ab1 elementor-widget elementor-widget-text-editor\" data-id=\"7151ab1\" data-element_type=\"widget\" data-e-type=\"widget\" data-widget_type=\"text-editor.default\">\n\t\t\t\t\t\t\t\t\t<p class=\"p1\"><i>Medlemsavgift: 60 kr (via Cardskipper)<\/i><\/p><p class=\"p1\"><i>Intr\u00e4de: 60 kr<\/i><\/p><p class=\"p1\"><i>Hyra skateboard + skydd: 20 kr<\/i><\/p><p class=\"p1\"><i>M\u00e5nadskort: Junior 360 kr \/ Senior 460 kr<\/i><\/p><p class=\"p1\"><i>erminskort: Junior 1100 kr \/ Senior 1500 kr<\/i><\/p><p class=\"p1\"><i>S\u00e4songskort: Junior 1800 kr \/ Senior 2400 kr<\/i><\/p>\t\t\t\t\t\t\t\t<\/div>\n\t\t\t\t<\/div>\n\t\t<div class=\"elementor-element elementor-element-96933aa e-con-full e-flex e-con e-child\" data-id=\"96933aa\" data-element_type=\"container\" data-e-type=\"container\">\n\t\t\t\t<div class=\"elementor-element elementor-element-f4e4d76 elementor-widget elementor-widget-heading\" data-id=\"f4e4d76\" data-element_type=\"widget\" data-e-type=\"widget\" data-widget_type=\"heading.default\">\n\t\t\t\t\t<h2 class=\"elementor-heading-title elementor-size-default\">Cardskipper<\/h2>\t\t\t\t<\/div>\n\t\t\t\t<div class=\"elementor-element elementor-element-0cbf608 elementor-widget elementor-widget-text-editor\" data-id=\"0cbf608\" data-element_type=\"widget\" data-e-type=\"widget\" data-widget_type=\"text-editor.default\">\n\t\t\t\t\t\t\t\t\t<p class=\"p1\"><i>F\u00f6reningen anv\u00e4nder Cardskipper f\u00f6r medlemskap och digitala medlemskort. Via appen kan <\/i><i>man ocks\u00e5 k\u00f6pa bl.a. s\u00e4songskort och andra produkter. Som medlem har man alltid 20% rabatt p\u00e5 Streetlab.nu. Den rabattkoden finns i appen att h\u00e4mta.\u00a0<\/i><\/p>\t\t\t\t\t\t\t\t<\/div>\n\t\t\t\t<div class=\"elementor-element elementor-element-f0b1b90 elementor-widget elementor-widget-image\" data-id=\"f0b1b90\" data-element_type=\"widget\" data-e-type=\"widget\" data-widget_type=\"image.default\">\n\t\t\t\t\t\t\t\t\t\t\t\t\t\t\t\t<a href=\"https:\/\/streetlab.nu\/\" target=\"_blank\">\n\t\t\t\t\t\t\t<img decoding=\"async\" src=\"https:\/\/hstdskate.se\/wp-content\/uploads\/elementor\/thumbs\/streetlab-logo-rl6hyamaudwyfc9xdtyras3a05vd392ja97za30rfi.jpg\" title=\"streetlab-logo\" alt=\"streetlab-logo\" loading=\"lazy\" \/>\t\t\t\t\t\t\t\t<\/a>\n\t\t\t\t\t\t\t\t\t\t\t\t\t\t\t<\/div>\n\t\t\t\t<\/div>\n\t\t\t\t\t<\/div>\n\t\t\t\t<\/div>\n\t\t<div class=\"elementor-element elementor-element-c8c4028 e-flex e-con-boxed e-con e-parent\" data-id=\"c8c4028\" data-element_type=\"container\" data-e-type=\"container\" data-settings=\"{&quot;background_background&quot;:&quot;classic&quot;}\">\n\t\t\t\t\t<div class=\"e-con-inner\">\n\t\t<div class=\"elementor-element elementor-element-b8f8a03 e-con-full e-flex e-con e-child\" data-id=\"b8f8a03\" data-element_type=\"container\" data-e-type=\"container\">\n\t\t\t\t<div class=\"elementor-element elementor-element-37d4847 elementor-widget elementor-widget-heading\" data-id=\"37d4847\" data-element_type=\"widget\" data-e-type=\"widget\" data-widget_type=\"heading.default\">\n\t\t\t\t\t<h2 class=\"elementor-heading-title elementor-size-default\">Attending Halmstad<\/h2>\t\t\t\t<\/div>\n\t\t\t\t<div class=\"elementor-element elementor-element-08a2fdb elementor-widget elementor-widget-text-editor\" data-id=\"08a2fdb\" data-element_type=\"widget\" data-e-type=\"widget\" data-widget_type=\"text-editor.default\">\n\t\t\t\t\t\t\t\t\t<p class=\"p1\"><i>En verksamhet riktad till barn och unga som kan ha sv\u00e5righeter med uppm\u00e4rksamhet, <\/i><i>impulskontroll eller socialt samspel. Projektet drivs i samarbete med RF-SISU Halland och <\/i><i>Sveriges Skateboardf\u00f6rbund.\u00a0<\/i><\/p>\t\t\t\t\t\t\t\t<\/div>\n\t\t\t\t<\/div>\n\t\t<div class=\"elementor-element elementor-element-da6417c e-con-full e-flex e-con e-child\" data-id=\"da6417c\" data-element_type=\"container\" data-e-type=\"container\">\n\t\t\t\t<div class=\"elementor-element elementor-element-7c0a5f2 elementor-widget elementor-widget-heading\" data-id=\"7c0a5f2\" data-element_type=\"widget\" data-e-type=\"widget\" data-widget_type=\"heading.default\">\n\t\t\t\t\t<h2 class=\"elementor-heading-title elementor-size-default\">Uthyrning<\/h2>\t\t\t\t<\/div>\n\t\t\t\t<div class=\"elementor-element elementor-element-6e49083 elementor-widget elementor-widget-text-editor\" data-id=\"6e49083\" data-element_type=\"widget\" data-e-type=\"widget\" data-widget_type=\"text-editor.default\">\n\t\t\t\t\t\t\t\t\t<p class=\"p1\"><i>Hallen kan hyras f\u00f6r privata grupper n\u00e4r tider finns tillg\u00e4ngliga. Pris: 1500 kr f\u00f6r tv\u00e5 timmar.<\/i><\/p><p class=\"p1\"><i>Kontakt: Henrik Cederlund (sms 0793489953).<\/i><\/p>\t\t\t\t\t\t\t\t<\/div>\n\t\t\t\t<\/div>\n\t\t\t\t\t<\/div>\n\t\t\t\t<\/div>\n\t\t<div class=\"elementor-element elementor-element-6b7263d e-flex e-con-boxed e-con e-parent\" data-id=\"6b7263d\" data-element_type=\"container\" data-e-type=\"container\">\n\t\t\t\t\t<div class=\"e-con-inner\">\n\t\t<div class=\"elementor-element elementor-element-ff27e20 e-con-full e-flex e-con e-child\" data-id=\"ff27e20\" data-element_type=\"container\" data-e-type=\"container\">\n\t\t\t\t<div class=\"elementor-element elementor-element-704a66c elementor-widget elementor-widget-heading\" data-id=\"704a66c\" data-element_type=\"widget\" data-e-type=\"widget\" data-widget_type=\"heading.default\">\n\t\t\t\t\t<h2 class=\"elementor-heading-title elementor-size-default\">Styrelse 2026<\/h2>\t\t\t\t<\/div>\n\t\t\t\t<div class=\"elementor-element elementor-element-7dfc0ed elementor-widget elementor-widget-text-editor\" data-id=\"7dfc0ed\" data-element_type=\"widget\" data-e-type=\"widget\" data-widget_type=\"text-editor.default\">\n\t\t\t\t\t\t\t\t\t<p class=\"p1\"><i>Ordf\u00f6rande: Roland Falk<\/i><\/p><p class=\"p1\"><i>Kass\u00f6r: Emma Rowson<\/i><\/p><p class=\"p1\"><i>Sekreterare: Mathias Sernklo<\/i><\/p><p class=\"p1\"><i>Ledam\u00f6ter: Tim Ingvarsson, Frank Johnsson, Christian Winther, Dennis Moberg<\/i><\/p><p><strong>Valberedning:\u00a0<\/strong><\/p><p class=\"p1\"><i>Svante Nordh, <\/i><em>Henrik Cederlund<\/em><\/p><p>\u00a0<\/p><p><span style=\"color: #999999;\"><strong><span style=\"text-decoration: underline;\"><a style=\"color: #999999; text-decoration: underline;\" href=\"https:\/\/hstdskate.se\/wp-content\/uploads\/2026\/03\/Nya-stadgar-Halmstad-Skateboardklubb.pdf\" target=\"_blank\" rel=\"noopener\">F\u00f6reningens stadgar &gt;&gt;<\/a><\/span><\/strong><\/span><\/p>\t\t\t\t\t\t\t\t<\/div>\n\t\t\t\t<\/div>\n\t\t<div class=\"elementor-element elementor-element-24eea4e e-con-full e-flex e-con e-child\" data-id=\"24eea4e\" data-element_type=\"container\" data-e-type=\"container\">\n\t\t\t\t<div class=\"elementor-element elementor-element-6a78abf elementor-widget elementor-widget-image\" data-id=\"6a78abf\" data-element_type=\"widget\" data-e-type=\"widget\" data-widget_type=\"image.default\">\n\t\t\t\t\t\t\t\t\t\t\t\t\t\t\t<img decoding=\"async\" width=\"800\" height=\"229\" src=\"https:\/\/hstdskate.se\/wp-content\/uploads\/2026\/03\/alien-svart-och-genomskinlig-NY-1024x293.png\" class=\"attachment-large size-large wp-image-15\" alt=\"\" srcset=\"https:\/\/hstdskate.se\/wp-content\/uploads\/2026\/03\/alien-svart-och-genomskinlig-NY-1024x293.png 1024w, https:\/\/hstdskate.se\/wp-content\/uploads\/2026\/03\/alien-svart-och-genomskinlig-NY-300x86.png 300w, https:\/\/hstdskate.se\/wp-content\/uploads\/2026\/03\/alien-svart-och-genomskinlig-NY-768x220.png 768w, https:\/\/hstdskate.se\/wp-content\/uploads\/2026\/03\/alien-svart-och-genomskinlig-NY-1536x439.png 1536w, https:\/\/hstdskate.se\/wp-content\/uploads\/2026\/03\/alien-svart-och-genomskinlig-NY.png 1920w\" sizes=\"(max-width: 800px) 100vw, 800px\" \/>\t\t\t\t\t\t\t\t\t\t\t\t\t\t\t<\/div>\n\t\t\t\t<div class=\"elementor-element elementor-element-e834e8e elementor-widget elementor-widget-heading\" data-id=\"e834e8e\" data-element_type=\"widget\" data-e-type=\"widget\" data-widget_type=\"heading.default\">\n\t\t\t\t\t<h2 class=\"elementor-heading-title elementor-size-default\">Kontakt<\/h2>\t\t\t\t<\/div>\n\t\t\t\t<div class=\"elementor-element elementor-element-b748775 elementor-widget elementor-widget-text-editor\" data-id=\"b748775\" data-element_type=\"widget\" data-e-type=\"widget\" data-widget_type=\"text-editor.default\">\n\t\t\t\t\t\t\t\t\t<p class=\"p1\"><i>Epost: <span style=\"text-decoration: underline;\"><span style=\"color: #333333;\"><a style=\"color: #333333; text-decoration: underline;\" href=\"mailto:info@hstdskate.se\">info@hstdskate.se<\/a><\/span><\/span><\/i><\/p><p class=\"p1\"><i>Instagram: <a href=\"https:\/\/www.instagram.com\/halmstadskateboardklubb\/\" target=\"_blank\" rel=\"noopener\"><span style=\"text-decoration: underline;\"><span style=\"color: #333333; text-decoration: underline;\">@halmstadskateboardklubb<\/span><\/span><\/a><\/i><\/p>\t\t\t\t\t\t\t\t<\/div>\n\t\t\t\t<\/div>\n\t\t\t\t\t<\/div>\n\t\t\t\t<\/div>\n\t\t<div class=\"elementor-element elementor-element-a9ddf30 e-flex e-con-boxed e-con e-parent\" data-id=\"a9ddf30\" data-element_type=\"container\" data-e-type=\"container\">\n\t\t\t\t\t<div class=\"e-con-inner\">\n\t\t\t\t<div class=\"elementor-element elementor-element-55716da elementor-view-default elementor-widget elementor-widget-icon\" data-id=\"55716da\" data-element_type=\"widget\" data-e-type=\"widget\" data-widget_type=\"icon.default\">\n\t\t\t\t\t\t\t<div class=\"elementor-icon-wrapper\">\n\t\t\t<a class=\"elementor-icon\" href=\"https:\/\/www.instagram.com\/halmstadskateboardklubb\/\" target=\"_blank\">\n\t\t\t<svg aria-hidden=\"true\" class=\"e-font-icon-svg e-fab-instagram\" viewBox=\"0 0 448 512\" xmlns=\"http:\/\/www.w3.org\/2000\/svg\"><path d=\"M224.1 141c-63.6 0-114.9 51.3-114.9 114.9s51.3 114.9 114.9 114.9S339 319.5 339 255.9 287.7 141 224.1 141zm0 189.6c-41.1 0-74.7-33.5-74.7-74.7s33.5-74.7 74.7-74.7 74.7 33.5 74.7 74.7-33.6 74.7-74.7 74.7zm146.4-194.3c0 14.9-12 26.8-26.8 26.8-14.9 0-26.8-12-26.8-26.8s12-26.8 26.8-26.8 26.8 12 26.8 26.8zm76.1 27.2c-1.7-35.9-9.9-67.7-36.2-93.9-26.2-26.2-58-34.4-93.9-36.2-37-2.1-147.9-2.1-184.9 0-35.8 1.7-67.6 9.9-93.9 36.1s-34.4 58-36.2 93.9c-2.1 37-2.1 147.9 0 184.9 1.7 35.9 9.9 67.7 36.2 93.9s58 34.4 93.9 36.2c37 2.1 147.9 2.1 184.9 0 35.9-1.7 67.7-9.9 93.9-36.2 26.2-26.2 34.4-58 36.2-93.9 2.1-37 2.1-147.8 0-184.8zM398.8 388c-7.8 19.6-22.9 34.7-42.6 42.6-29.5 11.7-99.5 9-132.1 9s-102.7 2.6-132.1-9c-19.6-7.8-34.7-22.9-42.6-42.6-11.7-29.5-9-99.5-9-132.1s-2.6-102.7 9-132.1c7.8-19.6 22.9-34.7 42.6-42.6 29.5-11.7 99.5-9 132.1-9s102.7-2.6 132.1 9c19.6 7.8 34.7 22.9 42.6 42.6 11.7 29.5 9 99.5 9 132.1s2.7 102.7-9 132.1z\"><\/path><\/svg>\t\t\t<\/a>\n\t\t<\/div>\n\t\t\t\t\t\t<\/div>\n\t\t\t\t\t<\/div>\n\t\t\t\t<\/div>\n\t\t\t\t<\/div>\n\t\t","protected":false},"excerpt":{"rendered":"<p>V\u00e4lkommen! F\u00f6reningen finns p\u00e5 Slottsm\u00f6llan i Halmstad och driver en stor inomhushall f\u00f6r skateboard. M\u00e5let \u00e4r att skapa en trygg plats d\u00e4r alla kan \u00e5ka skateboard och delta i verksamheten Ordinarie \u00f6ppettider SLOTTSM\u00d6LLAN \u00c4R ST\u00c4NGD F\u00d6R S\u00c4SONGEN Om Slottsm\u00f6llan \u00e4r \u00e4r spontan\u00f6ppet (vid d\u00e5ligt v\u00e4der) ligger det en post i Stories p\u00e5 instagram Det \u00e4r [&hellip;]<\/p>\n","protected":false},"author":1,"featured_media":0,"parent":0,"menu_order":0,"comment_status":"closed","ping_status":"closed","template":"elementor_canvas","meta":{"footnotes":""},"class_list":["post-11","page","type-page","status-publish","hentry"],"_links":{"self":[{"href":"https:\/\/hstdskate.se\/index.php?rest_route=\/wp\/v2\/pages\/11","targetHints":{"allow":["GET"]}}],"collection":[{"href":"https:\/\/hstdskate.se\/index.php?rest_route=\/wp\/v2\/pages"}],"about":[{"href":"https:\/\/hstdskate.se\/index.php?rest_route=\/wp\/v2\/types\/page"}],"author":[{"embeddable":true,"href":"https:\/\/hstdskate.se\/index.php?rest_route=\/wp\/v2\/users\/1"}],"replies":[{"embeddable":true,"href":"https:\/\/hstdskate.se\/index.php?rest_route=%2Fwp%2Fv2%2Fcomments&post=11"}],"version-history":[{"count":61,"href":"https:\/\/hstdskate.se\/index.php?rest_route=\/wp\/v2\/pages\/11\/revisions"}],"predecessor-version":[{"id":85,"href":"https:\/\/hstdskate.se\/index.php?rest_route=\/wp\/v2\/pages\/11\/revisions\/85"}],"wp:attachment":[{"href":"https:\/\/hstdskate.se\/index.php?rest_route=%2Fwp%2Fv2%2Fmedia&parent=11"}],"curies":[{"name":"wp","href":"https:\/\/api.w.org\/{rel}","templated":true}]}}